{"id":110,"date":"2023-07-10T08:32:17","date_gmt":"2023-07-10T08:32:17","guid":{"rendered":"https:\/\/driveandride.se\/?page_id=110"},"modified":"2024-08-02T08:04:26","modified_gmt":"2024-08-02T08:04:26","slug":"drm-hjalpen","status":"publish","type":"page","link":"https:\/\/driveandride.se\/?page_id=110","title":{"rendered":"DRM-Hj\u00e4lpen"},"content":{"rendered":"\t\t<div data-elementor-type=\"wp-page\" data-elementor-id=\"110\" class=\"elementor elementor-110\">\n\t\t\t\t<div class=\"elementor-element elementor-element-cc5c693 e-flex e-con-boxed e-con e-parent\" data-id=\"cc5c693\" data-element_type=\"container\" data-e-type=\"container\">\n\t\t\t\t\t<div class=\"e-con-inner\">\n\t\t\t\t<div class=\"elementor-element elementor-element-24f5753 elementor-widget elementor-widget-heading\" data-id=\"24f5753\" data-element_type=\"widget\" data-e-type=\"widget\" data-widget_type=\"heading.default\">\n\t\t\t\t<div class=\"elementor-widget-container\">\n\t\t\t\t\t<h2 class=\"elementor-heading-title elementor-size-default\">DRM-Hj\u00e4lpen<\/h2>\t\t\t\t<\/div>\n\t\t\t\t<\/div>\n\t\t\t\t<div class=\"elementor-element elementor-element-64f67f1 elementor-widget-divider--view-line elementor-widget elementor-widget-divider\" data-id=\"64f67f1\" data-element_type=\"widget\" data-e-type=\"widget\" data-widget_type=\"divider.default\">\n\t\t\t\t<div class=\"elementor-widget-container\">\n\t\t\t\t\t\t\t<div class=\"elementor-divider\">\n\t\t\t<span class=\"elementor-divider-separator\">\n\t\t\t\t\t\t<\/span>\n\t\t<\/div>\n\t\t\t\t\t\t<\/div>\n\t\t\t\t<\/div>\n\t\t\t\t\t<\/div>\n\t\t\t\t<\/div>\n\t\t<div class=\"elementor-element elementor-element-67428217 e-flex e-con-boxed e-con e-parent\" data-id=\"67428217\" data-element_type=\"container\" data-e-type=\"container\">\n\t\t\t\t\t<div class=\"e-con-inner\">\n\t\t\t\t<div class=\"elementor-element elementor-element-1a312b83 elementor-widget elementor-widget-text-editor\" data-id=\"1a312b83\" data-element_type=\"widget\" data-e-type=\"widget\" data-widget_type=\"text-editor.default\">\n\t\t\t\t<div class=\"elementor-widget-container\">\n\t\t\t\t\t\t\t\t\t\n<p>F\u00f6reningen planerar ett flertal aktiviteter varje \u00e5r, och d\u00e5 beh\u00f6ver vi din hj\u00e4lp f\u00f6r att vi skall orka ro detta i hamn. Varje insats \u00e4r v\u00e4rdefull, du kan bidra med din hj\u00e4lp p\u00e5 olika s\u00e4tt. Nedan listar vi n\u00e5gra exempel &#8211; har du en egen id\u00e9 \u00e4r det bara att du h\u00f6r av dig! \ud83d\ude42<\/p>\n\n\n\n<h4 class=\"wp-block-heading\">Baka till caf\u00e9et<\/h4>\n\n\n\n<p>Hembakt fika uppskattas av alla och kan ofta f\u00f6rberedas en tid innan sj\u00e4lva aktiviteten, vilket g\u00f6r att du sj\u00e4lv best\u00e4mmer n\u00e4r du har tid att hj\u00e4lpa till. Som tack f\u00f6r din insats bjuds du p\u00e5 fika (kaffebr\u00f6d &amp; dryck) under det tillf\u00e4lle du bakat till.<\/p>\n\n\n\n<h4 class=\"wp-block-heading\">Laga en matr\u00e4tt till n\u00e5gon aktivitet<\/h4>\n\n\n\n<p>\u00c4ven denna hj\u00e4lp kan du i viss m\u00e5n styra tiden till n\u00e4r du har tid d\u00e5 du kan laga maten hemifr\u00e5n eller i v\u00e5rt lilla pentry p\u00e5 plats. Planering av l\u00e4mplig matr\u00e4tt g\u00f6r du tillsammans med den som ansvarar f\u00f6r aktiviteten. <br>Mot inl\u00e4mning av kvitto utbetalas kostnader f\u00f6r ingredienser och som tack f\u00f6r din insats bjuds du p\u00e5 mat och fika (dagens r\u00e4tt samt kaffebr\u00f6d &amp; dryck) vid det tillf\u00e4lle du lagat mat till.<\/p>\n\n\n\n<h4 class=\"wp-block-heading\">Caf\u00e9personal \/ funktion\u00e4r<\/h4>\n\n\n\n<p>Du som kan hj\u00e4lpa till p\u00e5 v\u00e5ra arbetsdagar, aktiviteter eller t\u00e4vlingar \u00e4r oerh\u00f6rt uppskattad! Ut\u00f6ver att du bjuds p\u00e5 mat och fika under den dag du arbetar s\u00e5 bjuds du p\u00e5 reducerad avgift p\u00e5 de aktiviteter som f\u00f6reningen driver i egen regi (dvs inte tr\u00e4ningar med inhyrd tr\u00e4nare). <\/p>\n\n\n\n<p><strong>Stort tack f\u00f6r din insats!<br>Varmaste h\u00e4lsningar fr\u00e5n styrelsen!<\/strong><\/p>\n\n\n\n<figure class=\"wp-block-image size-large\"><a href=\"https:\/\/www.folksam.se\/\" target=\"_blank\" rel=\"noreferrer noopener\"><img decoding=\"async\" src=\"https:\/\/driveandride.se\/wp-content\/uploads\/2024\/04\/folksam-1-1024x614.jpg\" alt=\"\" class=\"wp-image-263\"\/><\/a><\/figure>\n\t\t\t\t\t\t\t\t<\/div>\n\t\t\t\t<\/div>\n\t\t\t\t\t<\/div>\n\t\t\t\t<\/div>\n\t\t\t\t<\/div>\n\t\t","protected":false},"excerpt":{"rendered":"<p>DRM-Hj\u00e4lpen F\u00f6reningen planerar ett flertal aktiviteter varje \u00e5r, och d\u00e5 beh\u00f6ver vi din hj\u00e4lp f\u00f6r att vi skall orka ro [&hellip;]<\/p>\n","protected":false},"author":1,"featured_media":0,"parent":10,"menu_order":4,"comment_status":"closed","ping_status":"closed","template":"elementor_header_footer","meta":{"site-sidebar-layout":"default","site-content-layout":"","ast-site-content-layout":"default","site-content-style":"default","site-sidebar-style":"default","ast-global-header-display":"","ast-banner-title-visibility":"","ast-main-header-display":"","ast-hfb-above-header-display":"","ast-hfb-below-header-display":"","ast-hfb-mobile-header-display":"","site-post-title":"","ast-breadcrumbs-content":"","ast-featured-img":"","footer-sml-layout":"","ast-disable-related-posts":"","theme-transparent-header-meta":"","adv-header-id-meta":"","stick-header-meta":"","header-above-stick-meta":"","header-main-stick-meta":"","header-below-stick-meta":"","astra-migrate-meta-layouts":"default","ast-page-background-enabled":"default","ast-page-background-meta":{"desktop":{"background-color":"var(--ast-global-color-4)","background-image":"","background-repeat":"repeat","background-position":"center center","background-size":"auto","background-attachment":"scroll","background-type":"","background-media":"","overlay-type":"","overlay-color":"","overlay-opacity":"","overlay-gradient":""},"tablet":{"background-color":"","background-image":"","background-repeat":"repeat","background-position":"center center","background-size":"auto","background-attachment":"scroll","background-type":"","background-media":"","overlay-type":"","overlay-color":"","overlay-opacity":"","overlay-gradient":""},"mobile":{"background-color":"","background-image":"","background-repeat":"repeat","background-position":"center center","background-size":"auto","background-attachment":"scroll","background-type":"","background-media":"","overlay-type":"","overlay-color":"","overlay-opacity":"","overlay-gradient":""}},"ast-content-background-meta":{"desktop":{"background-color":"var(--ast-global-color-5)","background-image":"","background-repeat":"repeat","background-position":"center center","background-size":"auto","background-attachment":"scroll","background-type":"","background-media":"","overlay-type":"","overlay-color":"","overlay-opacity":"","overlay-gradient":""},"tablet":{"background-color":"var(--ast-global-color-5)","background-image":"","background-repeat":"repeat","background-position":"center center","background-size":"auto","background-attachment":"scroll","background-type":"","background-media":"","overlay-type":"","overlay-color":"","overlay-opacity":"","overlay-gradient":""},"mobile":{"background-color":"var(--ast-global-color-5)","background-image":"","background-repeat":"repeat","background-position":"center center","background-size":"auto","background-attachment":"scroll","background-type":"","background-media":"","overlay-type":"","overlay-color":"","overlay-opacity":"","overlay-gradient":""}},"footnotes":""},"class_list":["post-110","page","type-page","status-publish","hentry"],"_links":{"self":[{"href":"https:\/\/driveandride.se\/index.php?rest_route=\/wp\/v2\/pages\/110","targetHints":{"allow":["GET"]}}],"collection":[{"href":"https:\/\/driveandride.se\/index.php?rest_route=\/wp\/v2\/pages"}],"about":[{"href":"https:\/\/driveandride.se\/index.php?rest_route=\/wp\/v2\/types\/page"}],"author":[{"embeddable":true,"href":"https:\/\/driveandride.se\/index.php?rest_route=\/wp\/v2\/users\/1"}],"replies":[{"embeddable":true,"href":"https:\/\/driveandride.se\/index.php?rest_route=%2Fwp%2Fv2%2Fcomments&post=110"}],"version-history":[{"count":0,"href":"https:\/\/driveandride.se\/index.php?rest_route=\/wp\/v2\/pages\/110\/revisions"}],"up":[{"embeddable":true,"href":"https:\/\/driveandride.se\/index.php?rest_route=\/wp\/v2\/pages\/10"}],"wp:attachment":[{"href":"https:\/\/driveandride.se\/index.php?rest_route=%2Fwp%2Fv2%2Fmedia&parent=110"}],"curies":[{"name":"wp","href":"https:\/\/api.w.org\/{rel}","templated":true}]}}