{"id":50,"date":"2023-04-22T09:04:38","date_gmt":"2023-04-22T09:04:38","guid":{"rendered":"https:\/\/driveandride.se\/?page_id=50"},"modified":"2024-08-02T09:14:22","modified_gmt":"2024-08-02T09:14:22","slug":"precision","status":"publish","type":"page","link":"https:\/\/driveandride.se\/?page_id=50","title":{"rendered":"Precision"},"content":{"rendered":"\t\t<div data-elementor-type=\"wp-page\" data-elementor-id=\"50\" class=\"elementor elementor-50\">\n\t\t\t\t<div class=\"elementor-element elementor-element-32e1e0f e-flex e-con-boxed e-con e-parent\" data-id=\"32e1e0f\" data-element_type=\"container\" data-e-type=\"container\">\n\t\t\t\t\t<div class=\"e-con-inner\">\n\t\t\t\t<div class=\"elementor-element elementor-element-709ac77 elementor-widget elementor-widget-heading\" data-id=\"709ac77\" data-element_type=\"widget\" data-e-type=\"widget\" data-widget_type=\"heading.default\">\n\t\t\t\t<div class=\"elementor-widget-container\">\n\t\t\t\t\t<h2 class=\"elementor-heading-title elementor-size-default\">Precision<\/h2>\t\t\t\t<\/div>\n\t\t\t\t<\/div>\n\t\t\t\t<div class=\"elementor-element elementor-element-b6c5efe elementor-widget-divider--view-line elementor-widget elementor-widget-divider\" data-id=\"b6c5efe\" data-element_type=\"widget\" data-e-type=\"widget\" data-widget_type=\"divider.default\">\n\t\t\t\t<div class=\"elementor-widget-container\">\n\t\t\t\t\t\t\t<div class=\"elementor-divider\">\n\t\t\t<span class=\"elementor-divider-separator\">\n\t\t\t\t\t\t<\/span>\n\t\t<\/div>\n\t\t\t\t\t\t<\/div>\n\t\t\t\t<\/div>\n\t\t\t\t\t<\/div>\n\t\t\t\t<\/div>\n\t\t<div class=\"elementor-element elementor-element-24446626 e-flex e-con-boxed e-con e-parent\" data-id=\"24446626\" data-element_type=\"container\" data-e-type=\"container\">\n\t\t\t\t\t<div class=\"e-con-inner\">\n\t\t\t\t<div class=\"elementor-element elementor-element-1977d157 elementor-widget elementor-widget-text-editor\" data-id=\"1977d157\" data-element_type=\"widget\" data-e-type=\"widget\" data-widget_type=\"text-editor.default\">\n\t\t\t\t<div class=\"elementor-widget-container\">\n\t\t\t\t\t\t\t\t\t<p><\/p>\n<p>Precisionsmomentet kan f\u00f6r den rid-intresserade j\u00e4mf\u00f6ras med hoppning, d\u00e4r ekipagen ist\u00e4llet f\u00f6r att hoppa \u00f6ver bommar passerar mellan konor med l\u00f6sa plastbollar ovanp\u00e5. Hinderbredden, avst\u00e5ndet mellan konorna, avg\u00f6rs utifr\u00e5n klassens sv\u00e5righetsgrad d\u00e5 vagnens sp\u00e5rvidd (m\u00e5ttet mellan bredaste hjulparets ytterkanter) adderas med mellan 20 och 45 cm &#8211; ju smalare hinderbredd desto h\u00f6gre klass. Banan m\u00e4ts om mellan varje ekipage, \u00e4ven n\u00e4r de t\u00e4vlar i samma klass, d\u00e5 ekipagens vagnsbredd ofta skiljer sig \u00e5t beroende p\u00e5 vilken vagn de t\u00e4vlar med.<br \/>Banan k\u00f6rs p\u00e5 tid och rivna bollar samt \u00f6verskridande av maxtiden medf\u00f6r straffpo\u00e4ng. Vinner g\u00f6r den som k\u00f6rt snabbast med l\u00e4gst straffpo\u00e4ng. <br \/>I detta moment k\u00f6r ekipagen alltid med samma sele och vagn som de anv\u00e4nt vid dressyrmomentet.<\/p>\n<p><\/p>\n<p><\/p>\t\t\t\t\t\t\t\t<\/div>\n\t\t\t\t<\/div>\n\t\t\t\t<div class=\"elementor-element elementor-element-4c1b972 elementor-widget elementor-widget-image\" data-id=\"4c1b972\" data-element_type=\"widget\" data-e-type=\"widget\" data-widget_type=\"image.default\">\n\t\t\t\t<div class=\"elementor-widget-container\">\n\t\t\t\t\t\t\t\t\t\t\t\t\t\t\t<img fetchpriority=\"high\" decoding=\"async\" width=\"1024\" height=\"630\" src=\"https:\/\/driveandride.se\/wp-content\/uploads\/2024\/08\/thumbnail_hanna-qwicken-3-e1722588835529-1024x630.jpg\" class=\"attachment-large size-large wp-image-447\" alt=\"\" srcset=\"https:\/\/driveandride.se\/wp-content\/uploads\/2024\/08\/thumbnail_hanna-qwicken-3-e1722588835529-1024x630.jpg 1024w, https:\/\/driveandride.se\/wp-content\/uploads\/2024\/08\/thumbnail_hanna-qwicken-3-e1722588835529-300x185.jpg 300w, https:\/\/driveandride.se\/wp-content\/uploads\/2024\/08\/thumbnail_hanna-qwicken-3-e1722588835529-768x472.jpg 768w, https:\/\/driveandride.se\/wp-content\/uploads\/2024\/08\/thumbnail_hanna-qwicken-3-e1722588835529.jpg 1424w\" sizes=\"(max-width: 1024px) 100vw, 1024px\" \/>\t\t\t\t\t\t\t\t\t\t\t\t\t\t\t<\/div>\n\t\t\t\t<\/div>\n\t\t\t\t\t<\/div>\n\t\t\t\t<\/div>\n\t\t\t\t<\/div>\n\t\t","protected":false},"excerpt":{"rendered":"<p>Precision Precisionsmomentet kan f\u00f6r den rid-intresserade j\u00e4mf\u00f6ras med hoppning, d\u00e4r ekipagen ist\u00e4llet f\u00f6r att hoppa \u00f6ver bommar passerar mellan konor [&hellip;]<\/p>\n","protected":false},"author":1,"featured_media":0,"parent":33,"menu_order":3,"comment_status":"closed","ping_status":"closed","template":"elementor_header_footer","meta":{"site-sidebar-layout":"default","site-content-layout":"","ast-site-content-layout":"default","site-content-style":"default","site-sidebar-style":"default","ast-global-header-display":"","ast-banner-title-visibility":"","ast-main-header-display":"","ast-hfb-above-header-display":"","ast-hfb-below-header-display":"","ast-hfb-mobile-header-display":"","site-post-title":"","ast-breadcrumbs-content":"","ast-featured-img":"","footer-sml-layout":"","ast-disable-related-posts":"","theme-transparent-header-meta":"","adv-header-id-meta":"","stick-header-meta":"","header-above-stick-meta":"","header-main-stick-meta":"","header-below-stick-meta":"","astra-migrate-meta-layouts":"default","ast-page-background-enabled":"default","ast-page-background-meta":{"desktop":{"background-color":"var(--ast-global-color-4)","background-image":"","background-repeat":"repeat","background-position":"center center","background-size":"auto","background-attachment":"scroll","background-type":"","background-media":"","overlay-type":"","overlay-color":"","overlay-opacity":"","overlay-gradient":""},"tablet":{"background-color":"","background-image":"","background-repeat":"repeat","background-position":"center center","background-size":"auto","background-attachment":"scroll","background-type":"","background-media":"","overlay-type":"","overlay-color":"","overlay-opacity":"","overlay-gradient":""},"mobile":{"background-color":"","background-image":"","background-repeat":"repeat","background-position":"center center","background-size":"auto","background-attachment":"scroll","background-type":"","background-media":"","overlay-type":"","overlay-color":"","overlay-opacity":"","overlay-gradient":""}},"ast-content-background-meta":{"desktop":{"background-color":"var(--ast-global-color-5)","background-image":"","background-repeat":"repeat","background-position":"center center","background-size":"auto","background-attachment":"scroll","background-type":"","background-media":"","overlay-type":"","overlay-color":"","overlay-opacity":"","overlay-gradient":""},"tablet":{"background-color":"var(--ast-global-color-5)","background-image":"","background-repeat":"repeat","background-position":"center center","background-size":"auto","background-attachment":"scroll","background-type":"","background-media":"","overlay-type":"","overlay-color":"","overlay-opacity":"","overlay-gradient":""},"mobile":{"background-color":"var(--ast-global-color-5)","background-image":"","background-repeat":"repeat","background-position":"center center","background-size":"auto","background-attachment":"scroll","background-type":"","background-media":"","overlay-type":"","overlay-color":"","overlay-opacity":"","overlay-gradient":""}},"footnotes":""},"class_list":["post-50","page","type-page","status-publish","hentry"],"_links":{"self":[{"href":"https:\/\/driveandride.se\/index.php?rest_route=\/wp\/v2\/pages\/50","targetHints":{"allow":["GET"]}}],"collection":[{"href":"https:\/\/driveandride.se\/index.php?rest_route=\/wp\/v2\/pages"}],"about":[{"href":"https:\/\/driveandride.se\/index.php?rest_route=\/wp\/v2\/types\/page"}],"author":[{"embeddable":true,"href":"https:\/\/driveandride.se\/index.php?rest_route=\/wp\/v2\/users\/1"}],"replies":[{"embeddable":true,"href":"https:\/\/driveandride.se\/index.php?rest_route=%2Fwp%2Fv2%2Fcomments&post=50"}],"version-history":[{"count":0,"href":"https:\/\/driveandride.se\/index.php?rest_route=\/wp\/v2\/pages\/50\/revisions"}],"up":[{"embeddable":true,"href":"https:\/\/driveandride.se\/index.php?rest_route=\/wp\/v2\/pages\/33"}],"wp:attachment":[{"href":"https:\/\/driveandride.se\/index.php?rest_route=%2Fwp%2Fv2%2Fmedia&parent=50"}],"curies":[{"name":"wp","href":"https:\/\/api.w.org\/{rel}","templated":true}]}}