{"id":87,"date":"2023-07-10T07:04:21","date_gmt":"2023-07-10T07:04:21","guid":{"rendered":"https:\/\/driveandride.se\/?page_id=87"},"modified":"2025-11-15T16:58:58","modified_gmt":"2025-11-15T16:58:58","slug":"klubbmasterskap","status":"publish","type":"page","link":"https:\/\/driveandride.se\/?page_id=87","title":{"rendered":"Klubbm\u00e4sterskap"},"content":{"rendered":"\t\t<div data-elementor-type=\"wp-page\" data-elementor-id=\"87\" class=\"elementor elementor-87\">\n\t\t\t\t<div class=\"elementor-element elementor-element-a635496 e-flex e-con-boxed e-con e-parent\" data-id=\"a635496\" data-element_type=\"container\" data-e-type=\"container\">\n\t\t\t\t\t<div class=\"e-con-inner\">\n\t\t\t\t<div class=\"elementor-element elementor-element-36e0903 elementor-widget elementor-widget-heading\" data-id=\"36e0903\" data-element_type=\"widget\" data-e-type=\"widget\" data-widget_type=\"heading.default\">\n\t\t\t\t<div class=\"elementor-widget-container\">\n\t\t\t\t\t<h2 class=\"elementor-heading-title elementor-size-default\">Klubbm\u00e4sterskap<\/h2>\t\t\t\t<\/div>\n\t\t\t\t<\/div>\n\t\t\t\t<div class=\"elementor-element elementor-element-59bcc39 elementor-widget-divider--view-line elementor-widget elementor-widget-divider\" data-id=\"59bcc39\" data-element_type=\"widget\" data-e-type=\"widget\" data-widget_type=\"divider.default\">\n\t\t\t\t<div class=\"elementor-widget-container\">\n\t\t\t\t\t\t\t<div class=\"elementor-divider\">\n\t\t\t<span class=\"elementor-divider-separator\">\n\t\t\t\t\t\t<\/span>\n\t\t<\/div>\n\t\t\t\t\t\t<\/div>\n\t\t\t\t<\/div>\n\t\t\t\t\t<\/div>\n\t\t\t\t<\/div>\n\t\t<div class=\"elementor-element elementor-element-54e3fbc8 e-flex e-con-boxed e-con e-parent\" data-id=\"54e3fbc8\" data-element_type=\"container\" data-e-type=\"container\">\n\t\t\t\t\t<div class=\"e-con-inner\">\n\t\t\t\t<div class=\"elementor-element elementor-element-1af802b3 elementor-widget elementor-widget-text-editor\" data-id=\"1af802b3\" data-element_type=\"widget\" data-e-type=\"widget\" data-widget_type=\"text-editor.default\">\n\t\t\t\t<div class=\"elementor-widget-container\">\n\t\t\t\t\t\t\t\t\t\n<p>F\u00f6reningen har f\u00f6r avsikt att \u00e5rligen h\u00e5lla ett m\u00e4sterskap f\u00f6r sportk\u00f6rningsekipagen. Inbjudan till detta g\u00e5r ut via medlemsbrevet, till din mail samt via v\u00e5ra sociala medier.<\/p>\n\n<h4 class=\"wp-block-heading\">Klubbm\u00e4stare<\/h4>\n\n<p><strong>2025<br \/><\/strong>PONNY: Hanna Wretman, Holthausen Eldar<\/p>\n<p><strong>2024<br \/><\/strong>Inst\u00e4llt pga f\u00f6r f\u00e5 deltagare<\/p>\n<p><strong>2023<\/strong><\/p>\n\n<p>H\u00c4ST: Annica Karlsson, Wienna<\/p>\n\n<p>PONNY: Lina Petersson, Aspelunds Kitty<\/p>\n\n<p><strong>2022<\/strong><\/p>\n\n<p>H\u00c4ST: Anne-Lie Jakobsson, Duct Burst<\/p>\n\n<p>PONNY: Lina Petersson, Aspelunds Kitty<\/p>\n\n<p><strong>2021<\/strong><\/p>\n\n<p>H\u00c4ST: Annika Skoog, Sandro<\/p>\n\n<p>PONNY: Erika Svedlund, Ferri<\/p>\n\n<p><strong>2019<\/strong><\/p>\n\n<p>H\u00c4ST: Annika Skoog, Sandro<\/p>\n\n<p>PONNY: Hanna Wretman, Quicken<br \/><br \/><\/p>\n\n<div class=\"wp-block-spacer\" style=\"height: 100px;\" aria-hidden=\"true\">\u00a0<\/div>\n\n<p>\u00a0<\/p>\n\t\t\t\t\t\t\t\t<\/div>\n\t\t\t\t<\/div>\n\t\t\t\t\t<\/div>\n\t\t\t\t<\/div>\n\t\t\t\t<\/div>\n\t\t","protected":false},"excerpt":{"rendered":"<p>Klubbm\u00e4sterskap F\u00f6reningen har f\u00f6r avsikt att \u00e5rligen h\u00e5lla ett m\u00e4sterskap f\u00f6r sportk\u00f6rningsekipagen. Inbjudan till detta g\u00e5r ut via medlemsbrevet, till [&hellip;]<\/p>\n","protected":false},"author":1,"featured_media":0,"parent":72,"menu_order":2,"comment_status":"closed","ping_status":"closed","template":"elementor_header_footer","meta":{"site-sidebar-layout":"default","site-content-layout":"","ast-site-content-layout":"default","site-content-style":"default","site-sidebar-style":"default","ast-global-header-display":"","ast-banner-title-visibility":"","ast-main-header-display":"","ast-hfb-above-header-display":"","ast-hfb-below-header-display":"","ast-hfb-mobile-header-display":"","site-post-title":"","ast-breadcrumbs-content":"","ast-featured-img":"","footer-sml-layout":"","ast-disable-related-posts":"","theme-transparent-header-meta":"","adv-header-id-meta":"","stick-header-meta":"","header-above-stick-meta":"","header-main-stick-meta":"","header-below-stick-meta":"","astra-migrate-meta-layouts":"default","ast-page-background-enabled":"default","ast-page-background-meta":{"desktop":{"background-color":"var(--ast-global-color-4)","background-image":"","background-repeat":"repeat","background-position":"center center","background-size":"auto","background-attachment":"scroll","background-type":"","background-media":"","overlay-type":"","overlay-color":"","overlay-opacity":"","overlay-gradient":""},"tablet":{"background-color":"","background-image":"","background-repeat":"repeat","background-position":"center center","background-size":"auto","background-attachment":"scroll","background-type":"","background-media":"","overlay-type":"","overlay-color":"","overlay-opacity":"","overlay-gradient":""},"mobile":{"background-color":"","background-image":"","background-repeat":"repeat","background-position":"center center","background-size":"auto","background-attachment":"scroll","background-type":"","background-media":"","overlay-type":"","overlay-color":"","overlay-opacity":"","overlay-gradient":""}},"ast-content-background-meta":{"desktop":{"background-color":"var(--ast-global-color-5)","background-image":"","background-repeat":"repeat","background-position":"center center","background-size":"auto","background-attachment":"scroll","background-type":"","background-media":"","overlay-type":"","overlay-color":"","overlay-opacity":"","overlay-gradient":""},"tablet":{"background-color":"var(--ast-global-color-5)","background-image":"","background-repeat":"repeat","background-position":"center center","background-size":"auto","background-attachment":"scroll","background-type":"","background-media":"","overlay-type":"","overlay-color":"","overlay-opacity":"","overlay-gradient":""},"mobile":{"background-color":"var(--ast-global-color-5)","background-image":"","background-repeat":"repeat","background-position":"center center","background-size":"auto","background-attachment":"scroll","background-type":"","background-media":"","overlay-type":"","overlay-color":"","overlay-opacity":"","overlay-gradient":""}},"footnotes":""},"class_list":["post-87","page","type-page","status-publish","hentry"],"_links":{"self":[{"href":"https:\/\/driveandride.se\/index.php?rest_route=\/wp\/v2\/pages\/87","targetHints":{"allow":["GET"]}}],"collection":[{"href":"https:\/\/driveandride.se\/index.php?rest_route=\/wp\/v2\/pages"}],"about":[{"href":"https:\/\/driveandride.se\/index.php?rest_route=\/wp\/v2\/types\/page"}],"author":[{"embeddable":true,"href":"https:\/\/driveandride.se\/index.php?rest_route=\/wp\/v2\/users\/1"}],"replies":[{"embeddable":true,"href":"https:\/\/driveandride.se\/index.php?rest_route=%2Fwp%2Fv2%2Fcomments&post=87"}],"version-history":[{"count":6,"href":"https:\/\/driveandride.se\/index.php?rest_route=\/wp\/v2\/pages\/87\/revisions"}],"predecessor-version":[{"id":7732,"href":"https:\/\/driveandride.se\/index.php?rest_route=\/wp\/v2\/pages\/87\/revisions\/7732"}],"up":[{"embeddable":true,"href":"https:\/\/driveandride.se\/index.php?rest_route=\/wp\/v2\/pages\/72"}],"wp:attachment":[{"href":"https:\/\/driveandride.se\/index.php?rest_route=%2Fwp%2Fv2%2Fmedia&parent=87"}],"curies":[{"name":"wp","href":"https:\/\/api.w.org\/{rel}","templated":true}]}}