{"id":95,"date":"2023-07-10T07:38:17","date_gmt":"2023-07-10T07:38:17","guid":{"rendered":"https:\/\/driveandride.se\/?page_id=95"},"modified":"2026-02-21T07:41:30","modified_gmt":"2026-02-21T07:41:30","slug":"besoksinformation","status":"publish","type":"page","link":"https:\/\/driveandride.se\/?page_id=95","title":{"rendered":"Bes\u00f6ksinformation"},"content":{"rendered":"\t\t<div data-elementor-type=\"wp-page\" data-elementor-id=\"95\" class=\"elementor elementor-95\">\n\t\t\t\t<div class=\"elementor-element elementor-element-9489ef9 e-flex e-con-boxed e-con e-parent\" data-id=\"9489ef9\" data-element_type=\"container\" data-e-type=\"container\">\n\t\t\t\t\t<div class=\"e-con-inner\">\n\t\t\t\t<div class=\"elementor-element elementor-element-196018d elementor-widget elementor-widget-heading\" data-id=\"196018d\" data-element_type=\"widget\" data-e-type=\"widget\" data-widget_type=\"heading.default\">\n\t\t\t\t<div class=\"elementor-widget-container\">\n\t\t\t\t\t<h2 class=\"elementor-heading-title elementor-size-default\">Bes\u00f6ksinformation<\/h2>\t\t\t\t<\/div>\n\t\t\t\t<\/div>\n\t\t\t\t<div class=\"elementor-element elementor-element-1585b33 elementor-widget-divider--view-line elementor-widget elementor-widget-divider\" data-id=\"1585b33\" data-element_type=\"widget\" data-e-type=\"widget\" data-widget_type=\"divider.default\">\n\t\t\t\t<div class=\"elementor-widget-container\">\n\t\t\t\t\t\t\t<div class=\"elementor-divider\">\n\t\t\t<span class=\"elementor-divider-separator\">\n\t\t\t\t\t\t<\/span>\n\t\t<\/div>\n\t\t\t\t\t\t<\/div>\n\t\t\t\t<\/div>\n\t\t\t\t\t<\/div>\n\t\t\t\t<\/div>\n\t\t<div class=\"elementor-element elementor-element-43c35cc8 e-flex e-con-boxed e-con e-parent\" data-id=\"43c35cc8\" data-element_type=\"container\" data-e-type=\"container\">\n\t\t\t\t\t<div class=\"e-con-inner\">\n\t\t\t\t<div class=\"elementor-element elementor-element-731b7d57 elementor-widget elementor-widget-text-editor\" data-id=\"731b7d57\" data-element_type=\"widget\" data-e-type=\"widget\" data-widget_type=\"text-editor.default\">\n\t\t\t\t<div class=\"elementor-widget-container\">\n\t\t\t\t\t\t\t\t\t\n<h4 class=\"wp-block-heading\">Smitta &#8211; S\u00e4kerhet &#8211; Trivsel<\/h4>\n\n<p>Vi uppmanar alla att h\u00e5lla sig till de regler som f\u00f6reskrivs g\u00e4llande smittorisker. Har h\u00e4sten befunnit sig i smittofara f\u00e5r den ej bes\u00f6ka anl\u00e4ggningen.<br \/>Vet du att din h\u00e4st \u00e4r snorig eller hostar; h\u00e5ll dig hemma.<br \/>T\u00e4nk p\u00e5 att byta till rena kl\u00e4der och skor n\u00e4r du bes\u00f6ker anl\u00e4ggningens stall och ridhus.<\/p>\n\n<h4 class=\"wp-block-heading\">Vaccination<\/h4>\n\n<p>Under r\u00e5dande situationer som varit med smittor och mycket oroligheter kring detta har vi inf\u00f6rt obligatoriskt vaccinationstv\u00e5ng f\u00f6r alla som deltar p\u00e5 v\u00e5ra evenemang. D\u00e5 det kommer m\u00e5nga olika h\u00e4star fr\u00e5n olika stall och omr\u00e5den s\u00e4kerst\u00e4ller vi f\u00f6r alla inblandade att minimera smittspridning. Vi till\u00e4mpar nu lika regler som f\u00f6r t\u00e4vling, det vill s\u00e4ga fullst\u00e4ndig grundvaccination och sedan uppf\u00f6ljande vaccination minst 1 g\u00e5ng per \u00e5r. H\u00e4sten ska kunna uppvisa pass med giltigt vaccinationsintyg.<\/p>\n\n<h4 class=\"wp-block-heading\">S\u00e4kerhetsregler<\/h4>\n\n<p>Upptr\u00e4d lugnt och stilla s\u00e5 att du inte skr\u00e4mmer n\u00e5gon h\u00e4st. <br \/>Visa h\u00e4nsyn n\u00e4r du m\u00f6ter n\u00e5gon h\u00e4st som verkar skr\u00e4md av att du ev. kommer med vagn.<br \/><strong>Hj\u00e4lm<\/strong> anv\u00e4nder vi alltid under v\u00e5ra evenemang.<br \/><strong>S\u00e4kerhetsv\u00e4st<\/strong> har vi inget krav p\u00e5, men rekommenderar att det anv\u00e4nds vid behov f\u00f6r din egen s\u00e4kerhet. Vid t\u00e4vling f\u00f6ljer vi angivna regler fr\u00e5n TR.<br \/><strong>F\u00f6rsp\u00e4nning i vagn<\/strong>; var alltid tv\u00e5 f\u00f6r att h\u00e5lla det s\u00e4kert. \u00c4r du ensam, fr\u00e5ga om hj\u00e4lp.<\/p>\n\n<p><strong>Olycka<\/strong> anm\u00e4les alltid till styrelsen s\u00e5 vi f\u00e5r k\u00e4nnedom om vad som h\u00e4nt och kan arbeta f\u00f6r att f\u00f6rhindra olycksrisker.<br \/><br \/><\/p>\n\n<h4 class=\"wp-block-heading\">Trivsel<\/h4>\n\n<p>F\u00f6r allas trevnad visar vi h\u00e4nsyn samt bem\u00f6ter varandra trevligt och med respekt.<\/p>\n\n<p>Med v\u00e4nlig h\u00e4lsning<br \/>Styrelsen \/ F\u00f6reningen Drive &amp; Ride M\u00e4lardalen<\/p>\n\t\t\t\t\t\t\t\t<\/div>\n\t\t\t\t<\/div>\n\t\t\t\t\t<\/div>\n\t\t\t\t<\/div>\n\t\t\t\t<\/div>\n\t\t","protected":false},"excerpt":{"rendered":"<p>Bes\u00f6ksinformation Smitta &#8211; S\u00e4kerhet &#8211; Trivsel Vi uppmanar alla att h\u00e5lla sig till de regler som f\u00f6reskrivs g\u00e4llande smittorisker. Har [&hellip;]<\/p>\n","protected":false},"author":1,"featured_media":0,"parent":93,"menu_order":0,"comment_status":"closed","ping_status":"closed","template":"elementor_header_footer","meta":{"site-sidebar-layout":"default","site-content-layout":"","ast-site-content-layout":"default","site-content-style":"default","site-sidebar-style":"default","ast-global-header-display":"","ast-banner-title-visibility":"","ast-main-header-display":"","ast-hfb-above-header-display":"","ast-hfb-below-header-display":"","ast-hfb-mobile-header-display":"","site-post-title":"","ast-breadcrumbs-content":"","ast-featured-img":"","footer-sml-layout":"","ast-disable-related-posts":"","theme-transparent-header-meta":"","adv-header-id-meta":"","stick-header-meta":"","header-above-stick-meta":"","header-main-stick-meta":"","header-below-stick-meta":"","astra-migrate-meta-layouts":"default","ast-page-background-enabled":"default","ast-page-background-meta":{"desktop":{"background-color":"var(--ast-global-color-4)","background-image":"","background-repeat":"repeat","background-position":"center center","background-size":"auto","background-attachment":"scroll","background-type":"","background-media":"","overlay-type":"","overlay-color":"","overlay-opacity":"","overlay-gradient":""},"tablet":{"background-color":"","background-image":"","background-repeat":"repeat","background-position":"center center","background-size":"auto","background-attachment":"scroll","background-type":"","background-media":"","overlay-type":"","overlay-color":"","overlay-opacity":"","overlay-gradient":""},"mobile":{"background-color":"","background-image":"","background-repeat":"repeat","background-position":"center center","background-size":"auto","background-attachment":"scroll","background-type":"","background-media":"","overlay-type":"","overlay-color":"","overlay-opacity":"","overlay-gradient":""}},"ast-content-background-meta":{"desktop":{"background-color":"var(--ast-global-color-5)","background-image":"","background-repeat":"repeat","background-position":"center center","background-size":"auto","background-attachment":"scroll","background-type":"","background-media":"","overlay-type":"","overlay-color":"","overlay-opacity":"","overlay-gradient":""},"tablet":{"background-color":"var(--ast-global-color-5)","background-image":"","background-repeat":"repeat","background-position":"center center","background-size":"auto","background-attachment":"scroll","background-type":"","background-media":"","overlay-type":"","overlay-color":"","overlay-opacity":"","overlay-gradient":""},"mobile":{"background-color":"var(--ast-global-color-5)","background-image":"","background-repeat":"repeat","background-position":"center center","background-size":"auto","background-attachment":"scroll","background-type":"","background-media":"","overlay-type":"","overlay-color":"","overlay-opacity":"","overlay-gradient":""}},"footnotes":""},"class_list":["post-95","page","type-page","status-publish","hentry"],"_links":{"self":[{"href":"https:\/\/driveandride.se\/index.php?rest_route=\/wp\/v2\/pages\/95","targetHints":{"allow":["GET"]}}],"collection":[{"href":"https:\/\/driveandride.se\/index.php?rest_route=\/wp\/v2\/pages"}],"about":[{"href":"https:\/\/driveandride.se\/index.php?rest_route=\/wp\/v2\/types\/page"}],"author":[{"embeddable":true,"href":"https:\/\/driveandride.se\/index.php?rest_route=\/wp\/v2\/users\/1"}],"replies":[{"embeddable":true,"href":"https:\/\/driveandride.se\/index.php?rest_route=%2Fwp%2Fv2%2Fcomments&post=95"}],"version-history":[{"count":3,"href":"https:\/\/driveandride.se\/index.php?rest_route=\/wp\/v2\/pages\/95\/revisions"}],"predecessor-version":[{"id":7827,"href":"https:\/\/driveandride.se\/index.php?rest_route=\/wp\/v2\/pages\/95\/revisions\/7827"}],"up":[{"embeddable":true,"href":"https:\/\/driveandride.se\/index.php?rest_route=\/wp\/v2\/pages\/93"}],"wp:attachment":[{"href":"https:\/\/driveandride.se\/index.php?rest_route=%2Fwp%2Fv2%2Fmedia&parent=95"}],"curies":[{"name":"wp","href":"https:\/\/api.w.org\/{rel}","templated":true}]}}